{"id":816,"date":"2023-01-14T18:57:19","date_gmt":"2023-01-14T17:57:19","guid":{"rendered":"https:\/\/dasiao.de\/?page_id=816"},"modified":"2023-07-05T09:10:54","modified_gmt":"2023-07-05T07:10:54","slug":"unser-angebot","status":"publish","type":"page","link":"https:\/\/dasiao.de\/?page_id=816","title":{"rendered":"Unser Qualit\u00e4tsversprechen"},"content":{"rendered":"\n<figure class=\"wp-block-image size-large is-resized\"><a href=\"https:\/\/dasiao.de\/wp-content\/uploads\/2022\/11\/Schwenk-1-21-scaled.jpg\"><img loading=\"lazy\" decoding=\"async\" src=\"https:\/\/dasiao.de\/wp-content\/uploads\/2022\/11\/Schwenk-1-21-1024x684.jpg\" alt=\"\" class=\"wp-image-762\" width=\"260\" height=\"173\" srcset=\"https:\/\/dasiao.de\/wp-content\/uploads\/2022\/11\/Schwenk-1-21-1024x684.jpg 1024w, https:\/\/dasiao.de\/wp-content\/uploads\/2022\/11\/Schwenk-1-21-300x201.jpg 300w, https:\/\/dasiao.de\/wp-content\/uploads\/2022\/11\/Schwenk-1-21-768x513.jpg 768w, https:\/\/dasiao.de\/wp-content\/uploads\/2022\/11\/Schwenk-1-21-1536x1027.jpg 1536w, https:\/\/dasiao.de\/wp-content\/uploads\/2022\/11\/Schwenk-1-21-2048x1369.jpg 2048w\" sizes=\"auto, (max-width: 260px) 100vw, 260px\" \/><\/a><\/figure>\n\n\n\n<p>DASIAO erlaubt es uns, selbst\u00e4ndig lebendiges Wasser herzustellen. Hierf\u00fcr benutzt man eine hochwertige Sch\u00fcttelflasche aus Kalk-Soda-Glas, die zur H\u00e4lfte mit klarem Quellwasser gef\u00fcllt ist. Das Wasser einf\u00fcllen, die Flasche verschlie\u00dfen und los geht\u2019s. Das Geheimnis liegt in den kr\u00e4ftigen Form-Bewegungen, mit denen das Wasser in der Sch\u00fcttelflasche bewegt wird. In Workshops und Videos findet sich die Anleitung zu den Bewegungsabl\u00e4ufen. Die erforderlichen Bewegungsrhythmen werden schrittweise vorgestellt und sind leicht zu erlernen. Die Bewegungen wiederholen sich, bis sich der ganze K\u00f6rper in die Schwungbewegung hineintraut, Sicherheit gewinnt und ganz in die Form hereinfindet. Das Resultat ist ein prickelndes Vergn\u00fcgen: Handgesch\u00fctteltes Qualit\u00e4tswasser, das supergut schmeckt und sich im Lebensalltag universell verwenden l\u00e4sst.<\/p>\n\n\n\n<p id=\"Jumphere1\"><a href=\"#jumphere1\">Naturkr\u00e4fte nutzen<\/a> \/ <a href=\"#Jumphere2\">Die Rhythmusflasche<\/a> \/ <a href=\"#Jumphere3\">Die Wasserempfehlung<\/a> \/ <a href=\"#Jumphere4\">Verwendungsbeispiele: <\/a><a href=\"#Jumphere5\">Der Trinkgenuss <\/a>\/ <a href=\"#Jumphere6\">Die Gesunderhaltung<\/a> \/ <a href=\"#Jumphere7\">Das Klimabewusstsein<\/a> \/ <a href=\"#Jumphere8\">Die Zubereitung von Babynahrung <\/a>\/ <a href=\"#Jumphere9\">Das Fruchtsaftschorle<\/a> \/ <a href=\"#Jumphere10\">Das besondere Sch\u00fclerschorle<\/a> \/ <a href=\"#Jumphere11\">Gesunde Speisen und Getr\u00e4nke<\/a> \/ <a href=\"#Jumphere12\">Die Einnahme von Arzneimitteln<\/a> \/ <a href=\"#Jumphere13\">Die St\u00e4rkung der Seelenkr\u00e4fte <\/a>\/ <a href=\"#Jumphere14\">Das Pflanzengie\u00dfen<\/a> \/ <a href=\"#Jumphere15\">Gut f\u00fcr Haustiere<\/a> \/ <a href=\"#Jumphere16\">Vergegenw\u00e4rtigung von Quellwasser<\/a> \/ <a href=\"#Jumphere17\">Wasser f\u00fcr Zeremonien, Feste und Feiern<\/a> \/ <a href=\"#Jumphere18\">Die innere Harmonie<\/a> \/<\/p>\n\n\n\n<h2 class=\"wp-block-heading\" id=\"jumphere1\">Naturkr\u00e4fte nutzen<\/h2>\n\n\n\n<figure class=\"wp-block-image size-large is-resized\"><a href=\"https:\/\/dasiao.de\/wp-content\/uploads\/2022\/10\/E_Wohlleben_07a-scaled.jpg\"><img loading=\"lazy\" decoding=\"async\" src=\"https:\/\/dasiao.de\/wp-content\/uploads\/2022\/10\/E_Wohlleben_07a-684x1024.jpg\" alt=\"\" class=\"wp-image-412\" width=\"184\" height=\"275\" srcset=\"https:\/\/dasiao.de\/wp-content\/uploads\/2022\/10\/E_Wohlleben_07a-684x1024.jpg 684w, https:\/\/dasiao.de\/wp-content\/uploads\/2022\/10\/E_Wohlleben_07a-201x300.jpg 201w, https:\/\/dasiao.de\/wp-content\/uploads\/2022\/10\/E_Wohlleben_07a-768x1149.jpg 768w, https:\/\/dasiao.de\/wp-content\/uploads\/2022\/10\/E_Wohlleben_07a-1027x1536.jpg 1027w, https:\/\/dasiao.de\/wp-content\/uploads\/2022\/10\/E_Wohlleben_07a-1369x2048.jpg 1369w, https:\/\/dasiao.de\/wp-content\/uploads\/2022\/10\/E_Wohlleben_07a-scaled.jpg 1711w\" sizes=\"auto, (max-width: 184px) 100vw, 184px\" \/><\/a><\/figure>\n\n\n\n<p>Das Wasser erh\u00e4lt durch gezielte Formbewegungen (Rhythmusformen) eine Verst\u00e4rkung der Kr\u00e4fte, die in Fr\u00fchjahr und Herbst aus dem Umkreis der Erde auf die Natur einwirken. Der Mensch tritt dabei als Rhythmus- und Formgeber in Erscheinung. Er hat verschiedene Rhythmusformen zur Auswahl. Das scheinbar \u201elangweilige\u201c Wasser wird beim \u201ehandsch\u00fctteln\u201c aktiv durchbewegt, durchsprudelt und rhythmisch bewegt sowie mit der eigenen Intensit\u00e4t belebt. Beim Verwenden dieses dynamisierten Wassers wechseln diese Kr\u00e4fte in den Menschen oder machen sich in seinem Lebensumfeld n\u00fctzlich.<\/p>\n\n\n\n<h2 class=\"wp-block-heading\" id=\"Jumphere2\">Die Rhythmusflasche<\/h2>\n\n\n\n<figure class=\"wp-block-image size-full is-resized\"><a href=\"https:\/\/dasiao.de\/wp-content\/uploads\/2022\/10\/DWK-Bottle-quer-DASIAO.jpg\"><img loading=\"lazy\" decoding=\"async\" src=\"https:\/\/dasiao.de\/wp-content\/uploads\/2022\/10\/DWK-Bottle-quer-DASIAO.jpg\" alt=\"\" class=\"wp-image-355\" width=\"217\" height=\"143\" srcset=\"https:\/\/dasiao.de\/wp-content\/uploads\/2022\/10\/DWK-Bottle-quer-DASIAO.jpg 665w, https:\/\/dasiao.de\/wp-content\/uploads\/2022\/10\/DWK-Bottle-quer-DASIAO-300x198.jpg 300w\" sizes=\"auto, (max-width: 217px) 100vw, 217px\" \/><\/a><\/figure>\n\n\n\n<p>Die Rhythmusflasche mit 1000ml Volumen ist aus hochwertigem, stabilem Kalk-Soda-Glas. Die Flasche gibt es wahlweise mit Schraubverschluss oder mit einem Glasstopfen. Sie ist supereinfach in der Handhabung. In unseren Workshops bekommen Sie leihweise eine Sch\u00fcttelflasche zur Verf\u00fcgung gestellt. F\u00fcr den Kauf nutzen Sie unseren DASIAO-Shop. Der Kaufpreis der Flasche richtet sich nach ihrem Volumen (500 ml oder 1000 ml) und nach der Form.<\/p>\n\n\n\n<h2 class=\"wp-block-heading\" id=\"Jumphere3\">Wasserempfehlung<\/h2>\n\n\n\n<p>F\u00fcr pers\u00f6nlich handgesch\u00fcttelte Qualit\u00e4tsw\u00e4sser empfiehlt DASIAO die Verwendung von naturbelassenen Quellw\u00e4ssern, welche durch die Bodenpassage von der Erde filtriert und gereinigt werden, bzw. aus tief gelegenen Speichern ans Tageslicht gelangen. Da diese Quellen von den geeigneten Brunnenbetrieben erschlossen werden, bietet es sich an, geeignetes Quellwasser im Handel zu beziehen. Gutes Quellwasser ist klar, schmeckt frisch und ist quirlig bewegt. Es hat einen feinen Klang (beim Flie\u00dfen). \u00c4u\u00dferes Merkmal f\u00fcr die gute Qualit\u00e4t von Quellwasser sind sichtbare Kapillarwellen. Das sind ganz feine, rillenartige Wellen an der Oberfl\u00e4che, die eine gro\u00dfe Beweglichkeit des Wassers anzeigen.<\/p>\n\n\n\n<h2 class=\"wp-block-heading\" id=\"Jumphere4\">Verwendungsbeispiele<\/h2>\n\n\n\n<p>Handgesch\u00fctteltes DASIAO-Wasser erlaubt eine universelle Verwendung, beispielsweise macht es sich n\u00fctzlich bei der Gesunderhaltung, in der Medizin, bei der Zubereitung von Speisen und Getr\u00e4nken und im Garten.<\/p>\n\n\n\n<h2 class=\"wp-block-heading\" id=\"Jumphere5\">Der Trinkgenuss<\/h2>\n\n\n\n<p>Das handgesch\u00fcttelte Wasser bleibt f\u00fcr circa 1 Stunde aktiv durchbewegt, durchsprudelt und rhythmisch intensiv belebt. Das alles macht den Trinkgenuss des Wassers zu einem besonderen Erlebnis. Es schmeckt, erfrischt und l\u00f6scht den Durst. Verantwortlich f\u00fcr diese Verlebendigung ist, dass wir gem\u00e4\u00df der Anleitung die eigenh\u00e4ndige Behandlung harmonisch und zugleich kr\u00e4ftig ausf\u00fchren. Dadurch wird die Beweglichkeit des Wassers signifikant gesteigert, wodurch es die Sinnesrezeptoren im Mundraum aktiviert und lebensnotwendige Prozesse im Organismus f\u00f6rdert. Vorbild f\u00fcr DASIAO sind die Lebens- und Bewegungs-Aspekte von Quellw\u00e4ssern. Die DASIAO-Bewegungsrhythmen sind u.a. dem Wasser in naturbelassenen Bachl\u00e4ufen oder in Wildb\u00e4chen abgelauscht, z.B. spiralf\u00f6rmige und walzenf\u00f6rmige Str\u00f6mungen. Tipp: Nach dem DASIAO das rhythmisierte Wasser eine Zeitlang (ca. 3 &#8211; 5 Minuten) in der Flasche zur Ruhe kommen lassen.<\/p>\n\n\n\n<h2 class=\"wp-block-heading\" id=\"Jumphere6\">Die Gesunderhaltung<\/h2>\n\n\n\n<p>Das \u201eHandsch\u00fctteln\u201c in der Sch\u00fcttelflasche f\u00fchrt uns auf nat\u00fcrliche Weise zu gesunden Bewegungen. H\u00e4nde, Arme, Schultern und Brustraum sind in harmonischer Weise beteiligt. Die Sch\u00fcttelflasche erlaubt Bewegungen nach rechts\/links \u2013 nach vorne\/hinten \u2013 oben und unten. Ebenso m\u00f6glich sind gesunde Seitw\u00e4rtsbewegungen und Schrittfolgen (vorw\u00e4rts- und r\u00fcckw\u00e4rts). In gleicher Weise sind F\u00fc\u00dfe, Beine und Becken einbezogen. DASIAO | Wasser Rhythmik hilft bei der Regulation des Herz-Kreislauf-Systems. Der Brustkorb wird bel\u00fcftet und asthmatische Verengungen werden gemildert. Die wechselnde Richtung der Bewegungen w\u00e4rmt die periphere Blutzirkulation, steigert die K\u00f6rperwahrnehmung und trainiert das Gleichgewichtsorgan. Die 2- bis 3-min\u00fctigen Belastungssequenzen st\u00e4rken die beteiligte Muskulatur. DASIAO | Wasser Rhythmik hilft, durch Bewegung Krankheit zu vermeiden. &nbsp;<\/p>\n\n\n\n<h2 class=\"wp-block-heading\" id=\"Jumphere7\">Das Klimabewusstsein<\/h2>\n\n\n\n<p>DASIAO | Wasser Rhythmik f\u00f6rdert durch die behutsame Anwendung von Rhythmusformen den Klimaschutzgedanken. Als Eigenaktivit\u00e4t solo oder in der Gruppe schafft es ein nachhaltiges Erlebnis und st\u00e4rkt unser selbstbestimmtes, gesundes Verhalten. Durch regelm\u00e4\u00dfige DASIAO-Anwendung werden wir uns der lebenswichtigen Ressource Wasser bewusster. Wer Wasser nach den DASIAO-Regeln rhythmisiert, st\u00e4rkt nach und nach sein Verantwortungsgef\u00fchl f\u00fcr das Wasserelement. Es ist eine Aktivit\u00e4t, welche den Klimagedanken wachh\u00e4lt und die den Alltag bereichert. Wir erleben, wie durch das \u201eWasser-Sch\u00fctteln\u201c unsere Fitness, aber auch die Achtsamkeit und der Respekt dem Wasser gegen\u00fcber allm\u00e4hlich zunehmen. Die Erfahrung zeigt au\u00dferdem, dass die meisten durch das Rhythmisieren im Umgang mit Wasser sparsamer werden.<\/p>\n\n\n\n<h2 class=\"wp-block-heading\" id=\"Jumphere8\">Die Zubereitung von Babynahrung<\/h2>\n\n\n\n<p>Babys zu ern\u00e4hren, erfordert den Einsatz von gesundem Gem\u00fcse, nat\u00fcrlichen Zutaten und sorgsam ausgew\u00e4hlten Teesorten. Der Einsatz von handgesch\u00fctteltem Qualit\u00e4tswasser ist ideal f\u00fcr die Zubereitung von Kleinkindnahrung. Sein Nutzen zeigt sich, wenn wir den Nachwuchs mit nat\u00fcrlichen Baby-Tees verw\u00f6hnen. Ebenso lassen sich biologische Baby-Breie durch die behutsame Anwendung der nat\u00fcrlichen Rhythmusformen mit rhythmisiertem Wasser veredeln.<\/p>\n\n\n\n<h2 class=\"wp-block-heading\" id=\"Jumphere9\">Das Fruchtsaftschorle, z.B. im Kindergarten<\/h2>\n\n\n\n<p>Bei behutsamer Anwendung der Rhythmusformen verwandelt sich Wasser in ein gesundes, belebendes Getr\u00e4nk, das beispielsweise zur Herstellung einer Fruchtsaftschorle im Kindergarten dienlich ist. Alternativ kann das handgesch\u00fcttelte Wasser f\u00fcr die Zubereitung von Speisen oder zur Einnahme von medizinischen Tropfen oder fl\u00fcssigen Mischungen verwendet werden. Grundlage hierf\u00fcr ist eine behutsame Anwendung der&nbsp; str\u00f6mungsdynamischen Formen von DASIAO in der daf\u00fcr vorgesehene Sch\u00fcttelflasche.<\/p>\n\n\n\n<h2 class=\"wp-block-heading\" id=\"Jumphere10\">Das besondere \u201eSch\u00fclerschorle\u201c<\/h2>\n\n\n\n<p>Die Zubereitung von Saftschorle mit handgesch\u00fctteltem Qualit\u00e4tswasser ist eine milde p\u00e4dagogische Ma\u00dfnahme und zugleich ein Genuss f\u00fcr die Heranwachsenden. Bei der Herstellung einer besonderen Sch\u00fclerschorle f\u00e4llt die intensive Besch\u00e4ftigung mit dem Wasser ins Gewicht. Die Sch\u00fclerschaft entwickelt gegen\u00fcber dem Wasser in der Sch\u00fcttelflasche ein gesteigertes Verantwortungsgef\u00fchl. Bei sachgem\u00e4\u00dfer Anwendung ist w\u00e4hrend der Handsch\u00fcttel-Sequenzen eine k\u00f6rperliche \u00dcberanstrengung der Jugendlichen ausgeschlossen. In den fest eingeplanten Ruhephasen wird im Stillen die K\u00f6rpersympathie wieder aufgebaut.<\/p>\n\n\n\n<h2 class=\"wp-block-heading\" id=\"Jumphere11\">Gesunde Speisen und Getr\u00e4nke<\/h2>\n\n\n\n<p>Die neu geschaffene DASIAO | Wasser Rhythmik hat u.a. das Ziel, mit handgesch\u00fctteltem Qualit\u00e4tswasser Speisen und Getr\u00e4nke gesund zuzubereiten. Bei behutsamer Anwendung der DASIAO-Rhythmusformen entsteht ein Wasser zum schonenden Garen von Gem\u00fcse, Beilagen und anderen Zutaten. F\u00fcr die meisten Kochvorg\u00e4nge bietet es sich an, das Wasser in der 1000ml-Flasche zu rhythmisieren. F\u00fcr kleinere Kochvorg\u00e4nge oder zur Herstellung von Getr\u00e4nken kann die Sch\u00fcttelflasche mit 500 ml verwendet werden. Die Anwendung der DASIAO-Flasche mit 2000 ml setzt eine entsprechend gute Leistungsf\u00e4higkeit voraus.<\/p>\n\n\n\n<h2 class=\"wp-block-heading\" id=\"Jumphere12\">Die Einnahme von Arzneimitteln<\/h2>\n\n\n\n<p>Die neu geschaffene DASIAO | Wasser Rhythmik hat u.a. zum Ziel, die Einnahme von Arzneimitteln mit handgesch\u00fctteltem Qualit\u00e4tswasser zu erm\u00f6glichen. Bei behutsamer Anwendung nat\u00fcrlicher Rhythmusformen verwandelt sich Wasser in ein gesundes, belebendes Getr\u00e4nk, das beispielsweise zur Einnahme von medizinischen Tropfen und fl\u00fcssigen Mischungen dienlich ist. Grundlage hierf\u00fcr ist eine daf\u00fcr vorgesehene Sch\u00fcttelflasche, die zur H\u00e4lfte mit klarem Quellwasser gef\u00fcllt wird, um das Wasser mit eurythmischen Formen str\u00f6mungsdynamisch vorzubereiten.<\/p>\n\n\n\n<h2 class=\"wp-block-heading\" id=\"Jumphere13\">Die St\u00e4rkung der Seelenkr\u00e4fte<\/h2>\n\n\n\n<p>Bei DASIAO rhythmisieren wir Wasser mit flie\u00dfenden Bewegungen nach dem Vorbild nat\u00fcrlicher Str\u00f6mungsgesetze des Wassers. Dabei entstehen flie\u00dfende Impulse f\u00fcr den Aufbau und die Struktur neuer Seelenkr\u00e4fte in uns. Mit dem DASIAO-Wasser liefert uns die Natur zu 100 Prozent dasjenige, was wir Menschen zum Leben brauchen. Zugleich bef\u00e4higt es uns, in der eigenen Seele diejenigen Kr\u00e4fte auszubilden, die unsere Seele stark und widerstandsf\u00e4hig machen.<\/p>\n\n\n\n<h2 class=\"wp-block-heading\" id=\"Jumphere14\">Das Pflanzengie\u00dfen<\/h2>\n\n\n\n<p>Etwas von dem gut rhythmisierten Wasser mit seinen Lebenskr\u00e4ften k\u00f6nnen wir auch als Gie\u00dfwasser f\u00fcr Zimmerpflanzen und im Garten verwenden. Wir halten beim Begie\u00dfen der Pflanzen f\u00fcr einen Augenblick den Gedanken fest, dass Wasser entscheidend das Klima der Erde beeinflusst und die Basis nahezu aller Wettererscheinungen ist.<\/p>\n\n\n\n<h2 class=\"wp-block-heading\" id=\"Jumphere15\">Gut f\u00fcr Haustiere<\/h2>\n\n\n\n<p>Geben Sie Ihrem Haustiere etwas aus der DASIAO-Sch\u00fcttelflasche ins Trinkwasser. Es dient der Gesunderhaltung Ihres Lieblings.<\/p>\n\n\n\n<h2 class=\"wp-block-heading\" id=\"Jumphere16\">Vergegenw\u00e4rtigung von Quellwasser<\/h2>\n\n\n\n<p>Manche von uns k\u00f6nnen in ihrem Leben auf die Erfahrung zur\u00fcckblicken, eine Heilquelle besucht zu haben. Dieser Erinnerungsschatz umfasst die erhabenen Gef\u00fchle und die Gedanken, die uns an eine Quelle begleitet haben. Die Rhythmisierung von etwas Wasser nach der DASIAO-Methode kann die Erinnerung an den Besuch einer heiligen Quelle in uns lebendig machen.<\/p>\n\n\n\n<h2 class=\"wp-block-heading\" id=\"Jumphere17\">Wasser f\u00fcr Zeremonien, Feste und Feiern<\/h2>\n\n\n\n<p>Ein Fest, eine Zeremonie oder ein anderer festlicher Anlass erh\u00e4lt mit eigenh\u00e4ndig hergestelltem DASIAO-Wasser eine besondere Erg\u00e4nzung des Getr\u00e4nkeangebots. Servieren sie das selbst\u00e4ndig h\u00e4ndisch hergestellte Wasser z.B. in einer Karaffe aus klarem Glas.<\/p>\n\n\n\n<h2 class=\"wp-block-heading\" id=\"Jumphere18\">Die innere Harmonie<\/h2>\n\n\n\n<p>Der Umgang mit DASIAO-Wasser gibt uns das rechte Ma\u00df an Selbstachtung. Der Anwender sp\u00fcrt beim Handsch\u00fctteln des Wassers sich selbst. Daneben gibt es die M\u00f6glichkeit, die Erfahrung des Rhythmisierens von Quellwasser mit dem Partner zu teilen oder an einer DASIAO-Gruppe teilzunehmen. Die Selbstachtsamkeit und Achtsamkeit auf den anderen an unserer Seite erg\u00e4nzen einander vollkommen.<\/p>\n","protected":false},"excerpt":{"rendered":"<p>DASIAO erlaubt es uns, selbst\u00e4ndig lebendiges Wasser herzustellen. Hierf\u00fcr benutzt man eine hochwertige Sch\u00fcttelflasche aus Kalk-Soda-Glas, die zur H\u00e4lfte mit klarem Quellwasser gef\u00fcllt ist. Das Wasser einf\u00fcllen, die Flasche verschlie\u00dfen und los geht\u2019s. Das Geheimnis liegt in den kr\u00e4ftigen Form-Bewegungen, mit denen das Wasser in der Sch\u00fcttelflasche bewegt wird. In Workshops und Videos findet sich &hellip; <a href=\"https:\/\/dasiao.de\/?page_id=816\" class=\"more-link\"><span class=\"screen-reader-text\">Unser Qualit\u00e4tsversprechen<\/span> weiterlesen <span class=\"meta-nav\">&rarr;<\/span><\/a><\/p>\n","protected":false},"author":1,"featured_media":0,"parent":0,"menu_order":0,"comment_status":"closed","ping_status":"closed","template":"","meta":{"footnotes":""},"class_list":["post-816","page","type-page","status-publish","hentry"],"_links":{"self":[{"href":"https:\/\/dasiao.de\/index.php?rest_route=\/wp\/v2\/pages\/816","targetHints":{"allow":["GET"]}}],"collection":[{"href":"https:\/\/dasiao.de\/index.php?rest_route=\/wp\/v2\/pages"}],"about":[{"href":"https:\/\/dasiao.de\/index.php?rest_route=\/wp\/v2\/types\/page"}],"author":[{"embeddable":true,"href":"https:\/\/dasiao.de\/index.php?rest_route=\/wp\/v2\/users\/1"}],"replies":[{"embeddable":true,"href":"https:\/\/dasiao.de\/index.php?rest_route=%2Fwp%2Fv2%2Fcomments&post=816"}],"version-history":[{"count":0,"href":"https:\/\/dasiao.de\/index.php?rest_route=\/wp\/v2\/pages\/816\/revisions"}],"wp:attachment":[{"href":"https:\/\/dasiao.de\/index.php?rest_route=%2Fwp%2Fv2%2Fmedia&parent=816"}],"curies":[{"name":"wp","href":"https:\/\/api.w.org\/{rel}","templated":true}]}}