{"id":419,"date":"2022-10-15T16:35:25","date_gmt":"2022-10-15T14:35:25","guid":{"rendered":"https:\/\/dasiao.de\/?page_id=419"},"modified":"2024-09-14T10:21:55","modified_gmt":"2024-09-14T08:21:55","slug":"wasser-und-rhythmus","status":"publish","type":"page","link":"https:\/\/dasiao.de\/?page_id=419","title":{"rendered":"Lerne Wasser von seiner lebendigen Seite kennen."},"content":{"rendered":"\n<hr class=\"wp-block-separator has-alpha-channel-opacity\"\/>\n\n\n\n<h5 class=\"wp-block-heading\">Bei DASIAO erlebst du den kosmischen \u201eFlow\u201c deiner Bewegungen:<\/h5>\n\n\n\n<ul class=\"wp-block-list\">\n<li>Die Teilnehmer unserer Veranstaltung durchlaufen ein sanftes bis intensives Bewegungsprogramm. <\/li>\n\n\n\n<li>Handgesch\u00fctteltes Wasser bringt uns in Einklang mit der gro\u00dfen Natur (Tierkreis, Sonne, Planeten). <\/li>\n\n\n\n<li>Die von uns angewandten Rhythmen repr\u00e4sentieren Herbst- und Fr\u00fchlingskr\u00e4fte.<\/li>\n\n\n\n<li>Intentionale Bilder, wie der naturbelassene Wildbach, intensivieren die Wirkung des selbstbewegten Wassers.<\/li>\n\n\n\n<li>Wasser reagiert feinsensorisch auf unsere Bewegungen mit der Sch\u00fcttelflasche. Diese Wirkungen beh\u00e4lt das Wasser \u00fcber Stunden und Tage. <\/li>\n\n\n\n<li>Wir bewegen uns 100 % klimaaktiv.<\/li>\n\n\n\n<li>Die Veranstaltung ist seit 2024 mit vier Fortbildungspunkten f\u00fcr Heileurythmisten zertifiziert. <\/li>\n<\/ul>\n\n\n\n<div class=\"wp-block-columns is-layout-flex wp-container-core-columns-is-layout-9d6595d7 wp-block-columns-is-layout-flex\">\n<div class=\"wp-block-column is-layout-flow wp-block-column-is-layout-flow\">\n<div class=\"wp-block-cover is-light\"><span aria-hidden=\"true\" class=\"wp-block-cover__background has-vivid-red-background-color has-background-dim\"><\/span><img loading=\"lazy\" decoding=\"async\" width=\"765\" height=\"1024\" class=\"wp-block-cover__image-background wp-image-92\" alt=\"\" src=\"https:\/\/dasiao.de\/wp-content\/uploads\/2022\/09\/Volker_Rothfuss-765x1024.jpg\" style=\"object-position:52% 71%\" data-object-fit=\"cover\" data-object-position=\"52% 71%\" srcset=\"https:\/\/dasiao.de\/wp-content\/uploads\/2022\/09\/Volker_Rothfuss-765x1024.jpg 765w, https:\/\/dasiao.de\/wp-content\/uploads\/2022\/09\/Volker_Rothfuss-224x300.jpg 224w, https:\/\/dasiao.de\/wp-content\/uploads\/2022\/09\/Volker_Rothfuss-768x1027.jpg 768w, https:\/\/dasiao.de\/wp-content\/uploads\/2022\/09\/Volker_Rothfuss-1148x1536.jpg 1148w, https:\/\/dasiao.de\/wp-content\/uploads\/2022\/09\/Volker_Rothfuss-1531x2048.jpg 1531w, https:\/\/dasiao.de\/wp-content\/uploads\/2022\/09\/Volker_Rothfuss-scaled.jpg 1914w\" sizes=\"auto, (max-width: 765px) 100vw, 765px\" \/><div class=\"wp-block-cover__inner-container is-layout-flow wp-block-cover-is-layout-flow\">\n<p class=\"has-text-align-center has-secondary-color has-text-color has-large-font-size\"><a href=\"https:\/\/dasiao.de\/?p=29\" target=\"_blank\" rel=\"noreferrer noopener\">Volker Rothfu\u00df<\/a><\/p>\n<\/div><\/div>\n<\/div>\n\n\n\n<div class=\"wp-block-column is-layout-flow wp-block-column-is-layout-flow\">\n<div class=\"wp-block-cover aligncenter is-light wp-duotone-ff6900-ffffff-1\"><span aria-hidden=\"true\" class=\"wp-block-cover__background has-background-dim-30 has-background-dim\"><\/span><img loading=\"lazy\" decoding=\"async\" width=\"726\" height=\"1019\" class=\"wp-block-cover__image-background wp-image-426\" alt=\"\" src=\"https:\/\/dasiao.de\/wp-content\/uploads\/2022\/10\/IAO_Print_HEader1-e1665842983752.jpg\" data-object-fit=\"cover\" srcset=\"https:\/\/dasiao.de\/wp-content\/uploads\/2022\/10\/IAO_Print_HEader1-e1665842983752.jpg 726w, https:\/\/dasiao.de\/wp-content\/uploads\/2022\/10\/IAO_Print_HEader1-e1665842983752-214x300.jpg 214w\" sizes=\"auto, (max-width: 726px) 100vw, 726px\" \/><div class=\"wp-block-cover__inner-container is-layout-flow wp-block-cover-is-layout-flow\">\n<p class=\"has-text-align-center has-secondary-color has-text-color has-large-font-size\"><a href=\"https:\/\/dasiao.de\/?p=25\" target=\"_blank\" rel=\"noreferrer noopener\">Martina  M\u00f6hle-Rothfu\u00df<\/a><\/p>\n<\/div><\/div>\n<\/div>\n<\/div>\n\n\n\n<!--nextpage-->\n\n\n\n<div class=\"wp-block-group is-nowrap is-layout-flex wp-container-core-group-is-layout-ad2f72ca wp-block-group-is-layout-flex\"><\/div>\n\n\n\n<h2 class=\"wp-block-heading\">Flie\u00dfend neue Seelenkr\u00e4fte aufbauen und eine klare Struktur in uns schaffen.<\/h2>\n\n\n\n<div class=\"wp-block-columns is-layout-flex wp-container-core-columns-is-layout-9d6595d7 wp-block-columns-is-layout-flex\">\n<div class=\"wp-block-column is-layout-flow wp-block-column-is-layout-flow\">\n<div class=\"wp-block-cover\"><span aria-hidden=\"true\" class=\"wp-block-cover__background has-background-dim\"><\/span><img loading=\"lazy\" decoding=\"async\" width=\"642\" height=\"384\" class=\"wp-block-cover__image-background wp-image-324\" alt=\"\" src=\"https:\/\/dasiao.de\/wp-content\/uploads\/2022\/09\/Wasserspiel-642-x-385.jpg\" data-object-fit=\"cover\" srcset=\"https:\/\/dasiao.de\/wp-content\/uploads\/2022\/09\/Wasserspiel-642-x-385.jpg 642w, https:\/\/dasiao.de\/wp-content\/uploads\/2022\/09\/Wasserspiel-642-x-385-300x179.jpg 300w\" sizes=\"auto, (max-width: 642px) 100vw, 642px\" \/><div class=\"wp-block-cover__inner-container is-layout-flow wp-block-cover-is-layout-flow\">\n<p class=\"has-text-align-center has-white-color has-text-color\" style=\"font-size:26px\"><a href=\"https:\/\/dasiao.de\/?p=342\" target=\"_blank\" rel=\"noreferrer noopener\">In mir Kr\u00e4fte ausbilden, die das Klima sch\u00fctzen helfen.<\/a><\/p>\n<\/div><\/div>\n<\/div>\n\n\n\n<div class=\"wp-block-column is-layout-flow wp-block-column-is-layout-flow\">\n<div class=\"wp-block-cover\"><span aria-hidden=\"true\" class=\"wp-block-cover__background has-background-dim\"><\/span><img loading=\"lazy\" decoding=\"async\" width=\"1987\" height=\"1199\" class=\"wp-block-cover__image-background wp-image-336\" alt=\"\" src=\"https:\/\/dasiao.de\/wp-content\/uploads\/2022\/09\/Wellen01-2000-x-1200.jpg\" data-object-fit=\"cover\" srcset=\"https:\/\/dasiao.de\/wp-content\/uploads\/2022\/09\/Wellen01-2000-x-1200.jpg 1987w, https:\/\/dasiao.de\/wp-content\/uploads\/2022\/09\/Wellen01-2000-x-1200-300x181.jpg 300w, https:\/\/dasiao.de\/wp-content\/uploads\/2022\/09\/Wellen01-2000-x-1200-1024x618.jpg 1024w, https:\/\/dasiao.de\/wp-content\/uploads\/2022\/09\/Wellen01-2000-x-1200-768x463.jpg 768w, https:\/\/dasiao.de\/wp-content\/uploads\/2022\/09\/Wellen01-2000-x-1200-1536x927.jpg 1536w\" sizes=\"auto, (max-width: 1987px) 100vw, 1987px\" \/><div class=\"wp-block-cover__inner-container is-layout-flow wp-block-cover-is-layout-flow\">\n<p class=\"has-text-align-left\" style=\"font-size:26px\"><a href=\"https:\/\/dasiao.de\/?page_id=207\" target=\"_blank\" rel=\"noreferrer noopener\">Lebendige  Formen bewegen: Das sanfte Fitness-programm <\/a><\/p>\n<\/div><\/div>\n<\/div>\n\n\n\n<div class=\"wp-block-column is-layout-flow wp-block-column-is-layout-flow\">\n<div class=\"wp-block-cover alignleft\"><span aria-hidden=\"true\" class=\"wp-block-cover__background has-background-dim\"><\/span><img loading=\"lazy\" decoding=\"async\" width=\"2013\" height=\"1213\" class=\"wp-block-cover__image-background wp-image-479\" alt=\"\" src=\"https:\/\/dasiao.de\/wp-content\/uploads\/2022\/10\/Wirbel-2013-x-1213.jpg\" data-object-fit=\"cover\" srcset=\"https:\/\/dasiao.de\/wp-content\/uploads\/2022\/10\/Wirbel-2013-x-1213.jpg 2013w, https:\/\/dasiao.de\/wp-content\/uploads\/2022\/10\/Wirbel-2013-x-1213-300x181.jpg 300w, https:\/\/dasiao.de\/wp-content\/uploads\/2022\/10\/Wirbel-2013-x-1213-1024x617.jpg 1024w, https:\/\/dasiao.de\/wp-content\/uploads\/2022\/10\/Wirbel-2013-x-1213-768x463.jpg 768w, https:\/\/dasiao.de\/wp-content\/uploads\/2022\/10\/Wirbel-2013-x-1213-1536x926.jpg 1536w, https:\/\/dasiao.de\/wp-content\/uploads\/2022\/10\/Wirbel-2013-x-1213-1568x945.jpg 1568w\" sizes=\"auto, (max-width: 2013px) 100vw, 2013px\" \/><div class=\"wp-block-cover__inner-container is-layout-flow wp-block-cover-is-layout-flow\">\n<p class=\"has-text-align-center\" style=\"font-size:26px\"><a href=\"https:\/\/dasiao.de\/?page_id=207\">Mit Wasser auf nat\u00fcrliche Weise zur gesunden Bewegung<\/a><\/p>\n<\/div><\/div>\n<\/div>\n<\/div>\n","protected":false},"excerpt":{"rendered":"<p>Bei DASIAO erlebst du den kosmischen \u201eFlow\u201c deiner Bewegungen:<\/p>\n","protected":false},"author":1,"featured_media":0,"parent":0,"menu_order":0,"comment_status":"closed","ping_status":"closed","template":"","meta":{"footnotes":""},"class_list":["post-419","page","type-page","status-publish","hentry"],"_links":{"self":[{"href":"https:\/\/dasiao.de\/index.php?rest_route=\/wp\/v2\/pages\/419","targetHints":{"allow":["GET"]}}],"collection":[{"href":"https:\/\/dasiao.de\/index.php?rest_route=\/wp\/v2\/pages"}],"about":[{"href":"https:\/\/dasiao.de\/index.php?rest_route=\/wp\/v2\/types\/page"}],"author":[{"embeddable":true,"href":"https:\/\/dasiao.de\/index.php?rest_route=\/wp\/v2\/users\/1"}],"replies":[{"embeddable":true,"href":"https:\/\/dasiao.de\/index.php?rest_route=%2Fwp%2Fv2%2Fcomments&post=419"}],"version-history":[{"count":4,"href":"https:\/\/dasiao.de\/index.php?rest_route=\/wp\/v2\/pages\/419\/revisions"}],"predecessor-version":[{"id":1771,"href":"https:\/\/dasiao.de\/index.php?rest_route=\/wp\/v2\/pages\/419\/revisions\/1771"}],"wp:attachment":[{"href":"https:\/\/dasiao.de\/index.php?rest_route=%2Fwp%2Fv2%2Fmedia&parent=419"}],"curies":[{"name":"wp","href":"https:\/\/api.w.org\/{rel}","templated":true}]}}