{"id":207,"date":"2022-09-27T08:05:14","date_gmt":"2022-09-27T06:05:14","guid":{"rendered":"http:\/\/dasiao.de\/?page_id=207"},"modified":"2025-08-08T16:53:41","modified_gmt":"2025-08-08T14:53:41","slug":"das-dasiao-fruehlingspaket","status":"publish","type":"page","link":"https:\/\/dasiao.de\/","title":{"rendered":"Wie du die Aktivit\u00e4ten des Tages gut vorbereitet angehst."},"content":{"rendered":"\n<p>Um in den Tag mit sch\u00f6pferischen Kr\u00e4ften einzusteigen, brauchen wir schon am Morgen die richtige Einstimmung. Am besten mobilisieren wir unser mentales und k\u00f6rperliches Potenzial mit Dasiao-Gymynastik. <\/p>\n\n\n\n<p>Bei dieser Gymnastik bewegen wir  Wasser in einer geschlossenen Apothekerflasche.<\/p>\n\n\n\n<p>Den Tag mit Wasser in der Sch\u00fcttelflasche aktiv zu beginnen, aktiviert in dir die Fitness, Motivation und organisatorischen Kr\u00e4fte, die dem Wasser aus dem Kosmos zuflie\u00dfen. Sie \u00fcbertragen sich auf dich, indem du das Wasser in der Sch\u00fcttelflasche den einzigartigen Dasiao-Formen entsprechend f\u00fcr ein paar Minuten bewegst und anschlie\u00dfend von dem Wasser trinkst.<\/p>\n\n\n\n<h2 class=\"wp-block-heading\">Messbar beweglicher und ges\u00fcnder<\/h2>\n\n\n\n<p>Dasiao-Gymnastik l\u00e4sst sich im Park, auf der Stra\u00dfe oder Zuhause machen. Es ist kein Hochleistungssport, vielmehr geht es darum, die eigene Leistungsf\u00e4higkeit zu aktivieren. In dem rund zehnmin\u00fctigen Gymnastikprogramm bewegt man sich am fr\u00fchen Morgen, \u00e4hnlich wie jeder f\u00fcnfte Japaner (27 Mio.) in dem Programm \u00abRadio Taiso\u00bb. Auch Dasiao-Gymnastik hat das Zeug zu einem national inszenierten Gesundheitsprogramm zu werden. \u00abRadio Taiso\u00bb und Dasiao-Gymnastik absolviert man mit Leichtigkeit, selbst diejenigen, die siebzig, achtzig oder neunzig Jahre alt sind. Von Japan wei\u00df man: \u00c4ltere Personen, die das zehnmin\u00fctige Gymnastikprogramm regelm\u00e4\u00dfig absolvieren, sind messbar ausdauernder, beweglicher und kr\u00e4ftiger als jene, die ohne diese Gewohnheit leben.<\/p>\n\n\n\n<p>Einige Bewegungsformen aus der Dasiao-Gymnastik:<\/p>\n\n\n\n<figure class=\"wp-block-image size-full is-resized\"><a href=\"https:\/\/dasiao.de\/wp-content\/uploads\/2024\/09\/Dasiao-2024-Flyer-RS.jpg\"><img loading=\"lazy\" decoding=\"async\" width=\"1130\" height=\"779\" src=\"https:\/\/dasiao.de\/wp-content\/uploads\/2024\/09\/Dasiao-2024-Flyer-RS.jpg\" alt=\"\" class=\"wp-image-1815\" style=\"width:496px;height:auto\" srcset=\"https:\/\/dasiao.de\/wp-content\/uploads\/2024\/09\/Dasiao-2024-Flyer-RS.jpg 1130w, https:\/\/dasiao.de\/wp-content\/uploads\/2024\/09\/Dasiao-2024-Flyer-RS-300x207.jpg 300w, https:\/\/dasiao.de\/wp-content\/uploads\/2024\/09\/Dasiao-2024-Flyer-RS-1024x706.jpg 1024w, https:\/\/dasiao.de\/wp-content\/uploads\/2024\/09\/Dasiao-2024-Flyer-RS-768x529.jpg 768w\" sizes=\"auto, (max-width: 1130px) 100vw, 1130px\" \/><\/a><figcaption class=\"wp-element-caption\">Kraftformen Herbst<\/figcaption><\/figure>\n\n\n\n<p class=\"has-medium-font-size\">Kontakt:  Volker Rothfu\u00df, Mattenweg 10, 79856 Hinterzarten, mail@dasiao.de, Tel. 07652 4449991<\/p>\n\n\n\n<p><a href=\"http:\/\/www.youtube.com\/@VolkerRothfuss\">www.youtube.com\/@VolkerRothfuss<\/a><\/p>\n","protected":false},"excerpt":{"rendered":"<p>Um in den Tag mit sch\u00f6pferischen Kr\u00e4ften einzusteigen, brauchen wir schon am Morgen die richtige Einstimmung. Am besten mobilisieren wir unser mentales und k\u00f6rperliches Potenzial mit Dasiao-Gymynastik. Bei dieser Gymnastik bewegen wir Wasser in einer geschlossenen Apothekerflasche. Den Tag mit Wasser in der Sch\u00fcttelflasche aktiv zu beginnen, aktiviert in dir die Fitness, Motivation und organisatorischen &hellip; <a href=\"https:\/\/dasiao.de\/\" class=\"more-link\"><span class=\"screen-reader-text\">Wie du die Aktivit\u00e4ten des Tages gut vorbereitet angehst.<\/span> weiterlesen <span class=\"meta-nav\">&rarr;<\/span><\/a><\/p>\n","protected":false},"author":1,"featured_media":0,"parent":0,"menu_order":0,"comment_status":"closed","ping_status":"closed","template":"","meta":{"footnotes":""},"class_list":["post-207","page","type-page","status-publish","hentry"],"_links":{"self":[{"href":"https:\/\/dasiao.de\/index.php?rest_route=\/wp\/v2\/pages\/207","targetHints":{"allow":["GET"]}}],"collection":[{"href":"https:\/\/dasiao.de\/index.php?rest_route=\/wp\/v2\/pages"}],"about":[{"href":"https:\/\/dasiao.de\/index.php?rest_route=\/wp\/v2\/types\/page"}],"author":[{"embeddable":true,"href":"https:\/\/dasiao.de\/index.php?rest_route=\/wp\/v2\/users\/1"}],"replies":[{"embeddable":true,"href":"https:\/\/dasiao.de\/index.php?rest_route=%2Fwp%2Fv2%2Fcomments&post=207"}],"version-history":[{"count":38,"href":"https:\/\/dasiao.de\/index.php?rest_route=\/wp\/v2\/pages\/207\/revisions"}],"predecessor-version":[{"id":1851,"href":"https:\/\/dasiao.de\/index.php?rest_route=\/wp\/v2\/pages\/207\/revisions\/1851"}],"wp:attachment":[{"href":"https:\/\/dasiao.de\/index.php?rest_route=%2Fwp%2Fv2%2Fmedia&parent=207"}],"curies":[{"name":"wp","href":"https:\/\/api.w.org\/{rel}","templated":true}]}}