{"id":189,"date":"2022-09-26T16:58:25","date_gmt":"2022-09-26T14:58:25","guid":{"rendered":"http:\/\/dasiao.de\/?page_id=189"},"modified":"2023-09-14T19:40:51","modified_gmt":"2023-09-14T17:40:51","slug":"kontakt","status":"publish","type":"page","link":"https:\/\/dasiao.de\/?page_id=189","title":{"rendered":"Kontakt"},"content":{"rendered":"\n<p>Anfragen richten Sie bitte an Volker Rothfu\u00df, Mattenweg 10, 79856 Hinterzarten, Tel. 07652 \u2013 4449991. E-Mail: mail@dasiao.de<\/p>\n\n\n\n<p>Unter dem Namen DASIAO erz\u00e4hlen wir Wissenswertes \u00fcber Wasser als Tr\u00e4ger von Lebenskr\u00e4ften. Wir verst\u00e4rken diese Lebenskr\u00e4fte durch Rhythmen und Formen, die wir dem Wasser selbst ablauschen. Wir sp\u00fcren Klimaerscheinungen nach und verwandeln sie beim Wasserrhythmisieren mithilfe der Sch\u00fcttelflasche ebenfalls in Lebenskr\u00e4fte. <\/p>\n\n\n\n<p>Unseren YouTube-Kanal finden sie <em><a href=\"https:\/\/www.youtube.com\/channel\/UCN07tHcS61_w6nOXFBHGi1w\">hier<\/a><\/em>.<\/p>\n","protected":false},"excerpt":{"rendered":"<p>Anfragen richten Sie bitte an Volker Rothfu\u00df, Mattenweg 10, 79856 Hinterzarten, Tel. 07652 \u2013 4449991. E-Mail: mail@dasiao.de Unter dem Namen DASIAO erz\u00e4hlen wir Wissenswertes \u00fcber Wasser als Tr\u00e4ger von Lebenskr\u00e4ften. Wir verst\u00e4rken diese Lebenskr\u00e4fte durch Rhythmen und Formen, die wir dem Wasser selbst ablauschen. Wir sp\u00fcren Klimaerscheinungen nach und verwandeln sie beim Wasserrhythmisieren mithilfe der &hellip; <a href=\"https:\/\/dasiao.de\/?page_id=189\" class=\"more-link\"><span class=\"screen-reader-text\">Kontakt<\/span> weiterlesen <span class=\"meta-nav\">&rarr;<\/span><\/a><\/p>\n","protected":false},"author":1,"featured_media":0,"parent":0,"menu_order":0,"comment_status":"closed","ping_status":"closed","template":"","meta":{"footnotes":""},"class_list":["post-189","page","type-page","status-publish","hentry"],"_links":{"self":[{"href":"https:\/\/dasiao.de\/index.php?rest_route=\/wp\/v2\/pages\/189","targetHints":{"allow":["GET"]}}],"collection":[{"href":"https:\/\/dasiao.de\/index.php?rest_route=\/wp\/v2\/pages"}],"about":[{"href":"https:\/\/dasiao.de\/index.php?rest_route=\/wp\/v2\/types\/page"}],"author":[{"embeddable":true,"href":"https:\/\/dasiao.de\/index.php?rest_route=\/wp\/v2\/users\/1"}],"replies":[{"embeddable":true,"href":"https:\/\/dasiao.de\/index.php?rest_route=%2Fwp%2Fv2%2Fcomments&post=189"}],"version-history":[{"count":0,"href":"https:\/\/dasiao.de\/index.php?rest_route=\/wp\/v2\/pages\/189\/revisions"}],"wp:attachment":[{"href":"https:\/\/dasiao.de\/index.php?rest_route=%2Fwp%2Fv2%2Fmedia&parent=189"}],"curies":[{"name":"wp","href":"https:\/\/api.w.org\/{rel}","templated":true}]}}