{"id":1336,"date":"2023-06-24T17:26:46","date_gmt":"2023-06-24T15:26:46","guid":{"rendered":"https:\/\/dasiao.de\/?page_id=1336"},"modified":"2024-09-14T10:01:46","modified_gmt":"2024-09-14T08:01:46","slug":"presse","status":"publish","type":"page","link":"https:\/\/dasiao.de\/?page_id=1336","title":{"rendered":"Presse"},"content":{"rendered":"\n<p><strong><em>Eine neue Freizeitidee ber\u00fccksichtigt die Intelligenz des Wassers. Sie hat in S\u00fcdbaden im Herbst ihre Premiere.<\/em><\/strong><\/p>\n\n\n\n<h2 class=\"wp-block-heading\">Mit Wasser sich selbst in Form bringen<\/h2>\n\n\n\n<p>Der Menzenschwander Wasserfall ist auch im Herbst ein Highlight im Hochschwarzwald. \u00dcber mehrere Ebenen rauscht hier im Menzenschwander Tal das Wasser den Berg hinab. Das Geheimnis aller Wassersf\u00e4lle ist die Kraft, die von ihnen ausgeht. Fragt sich nur, ob diese Kr\u00e4fte der Natur auf den Menschen \u00fcbertragen werden k\u00f6nnen. Eine Antwort gibt im September das \u201eNatur-Seminar Menzenschwand\u201c. Ein ganzes Wochenende lang haben Teilnehmer in dem gleichnamigen Schwarzwalddorf Gelegenheit, gem\u00e4\u00df dem \u201eWasser bewegen, besser leben\u201c ihre Bewegungskultur zu bereichern. Der Veranstaltungsort ist das Alte Schulhaus in der Vorderdorfstra\u00dfe. Gesundes Quellwasser wird in eine spezielle Sch\u00fcttelflasche gef\u00fcllt und rhythmisch bewegt. Dabei orientiert man sich an den Erkenntnissen der Str\u00f6mungswissenschaft. Die \u00dcbertragung freier Flie\u00dffiguren f\u00fchren auf nat\u00fcrliche Weise zu gesunden Bewegungen. Die dabei freiwerdenden Kr\u00e4fte \u00fcbertragen sich auf den Menschen. Die neue Methode verbessert die Fitness, erh\u00f6ht aber auch die Achtsamkeit und den Respekt gegen\u00fcber dem Klimasch\u00fctzer \u201eWasser\u201c. Das Seminar leiten gemeinsam die in Holland ausgebildete Tanzp\u00e4dagogin Martina M\u00f6hle-Rothfu\u00df und der Kommunikationsfachwirt und Str\u00f6mungskundler Volker Rothfu\u00df. Das handgesch\u00fcttelte Wasser bleibt f\u00fcr circa eine Stunde aktiv durchbewegt, durchsprudelt und rhythmisch intensiv belebt. Die Bewegung und der Trinkgenuss des Wassers machen das Seminar zu einem besonderen Erlebnis. Es schmeckt, erfrischt und l\u00f6scht den Durst. Mehrheitlich identifizieren sich die Teilnehmer mit ihrem selbstgesch\u00fcttelten Wasser. Bei der sensorischen Pr\u00fcfung zeigt sich geschmacklich, wer sein Wasser und sich selbst in Form gebracht hat. Im Caf\u00e9 und Berg-Beizle nahe am Wasserfall l\u00e4sst sich am Samstag einkehren und das Abenteuer \u201eMit Wasser sich selbst in Form bringen\u201c gemeinsam reflektieren. Das intelligent geformte, handgesch\u00fcttelte Wasser erlaubt eine universelle Verwendung. Es macht sich n\u00fctzlich bei der Gesunderhaltung, in der Medizin, bei der Zubereitung von Speisen und Getr\u00e4nken und im Garten. Das regelm\u00e4\u00dfige Sch\u00fctteln unterst\u00fctzt die eigenen Lebenskr\u00e4fte.<\/p>\n\n\n\n<p>DASIAO | Wasser Rhythmik: Tel. 07652 444991 und Internet: https:\/\/dasiao.de\/<\/p>\n\n\n\n<p>YouTube: <a href=\"mailto:youtube.com\/@volkerrothfu4834\">https:\/\/www.youtube.com\/@VolkerRothfuss <\/a><\/p>\n\n\n\n<p><\/p>\n","protected":false},"excerpt":{"rendered":"<p>Eine neue Freizeitidee ber\u00fccksichtigt die Intelligenz des Wassers. Sie hat in S\u00fcdbaden im Herbst ihre Premiere. Mit Wasser sich selbst in Form bringen Der Menzenschwander Wasserfall ist auch im Herbst ein Highlight im Hochschwarzwald. \u00dcber mehrere Ebenen rauscht hier im Menzenschwander Tal das Wasser den Berg hinab. Das Geheimnis aller Wassersf\u00e4lle ist die Kraft, die &hellip; <a href=\"https:\/\/dasiao.de\/?page_id=1336\" class=\"more-link\"><span class=\"screen-reader-text\">Presse<\/span> weiterlesen <span class=\"meta-nav\">&rarr;<\/span><\/a><\/p>\n","protected":false},"author":1,"featured_media":0,"parent":0,"menu_order":0,"comment_status":"closed","ping_status":"closed","template":"","meta":{"footnotes":""},"class_list":["post-1336","page","type-page","status-publish","hentry"],"_links":{"self":[{"href":"https:\/\/dasiao.de\/index.php?rest_route=\/wp\/v2\/pages\/1336","targetHints":{"allow":["GET"]}}],"collection":[{"href":"https:\/\/dasiao.de\/index.php?rest_route=\/wp\/v2\/pages"}],"about":[{"href":"https:\/\/dasiao.de\/index.php?rest_route=\/wp\/v2\/types\/page"}],"author":[{"embeddable":true,"href":"https:\/\/dasiao.de\/index.php?rest_route=\/wp\/v2\/users\/1"}],"replies":[{"embeddable":true,"href":"https:\/\/dasiao.de\/index.php?rest_route=%2Fwp%2Fv2%2Fcomments&post=1336"}],"version-history":[{"count":1,"href":"https:\/\/dasiao.de\/index.php?rest_route=\/wp\/v2\/pages\/1336\/revisions"}],"predecessor-version":[{"id":1763,"href":"https:\/\/dasiao.de\/index.php?rest_route=\/wp\/v2\/pages\/1336\/revisions\/1763"}],"wp:attachment":[{"href":"https:\/\/dasiao.de\/index.php?rest_route=%2Fwp%2Fv2%2Fmedia&parent=1336"}],"curies":[{"name":"wp","href":"https:\/\/api.w.org\/{rel}","templated":true}]}}